{"id":925,"date":"2024-05-04T10:14:59","date_gmt":"2024-05-04T08:14:59","guid":{"rendered":"https:\/\/schwarzwaldschule-rheinstetten.de\/?page_id=925"},"modified":"2024-05-04T10:14:59","modified_gmt":"2024-05-04T08:14:59","slug":"klasse2000","status":"publish","type":"page","link":"https:\/\/schwarzwaldschule-rheinstetten.de\/?page_id=925","title":{"rendered":"&#8222;Klasse2000&#8220;"},"content":{"rendered":"\n<div style=\"height:34px\" aria-hidden=\"true\" class=\"wp-block-spacer\"><\/div>\n\n\n\n<h3 class=\"wp-block-heading has-text-align-center\"><strong>Stark und gesund mit &#8222;Klasse2000&#8220;<\/strong><\/h3>\n\n\n\n<p>&#8222;Klasse2000&#8220; ist das bundesweit gr\u00f6\u00dfte Unterrichtsprogramm zur Gesundheitsf\u00f6rderung, Sucht- und Gewaltvorbeugung f\u00fcr die Grundschule. Wir beteiligen uns seit dem Schuljahr 23\/24 an dem Programm, derzeit mit vier Klassen.<\/p>\n\n\n\n<div style=\"height:43px\" aria-hidden=\"true\" class=\"wp-block-spacer\"><\/div>\n\n\n\n<h3 class=\"wp-block-heading has-text-align-center\"><strong>Was lernen Kinder bei &#8222;Klasse2000&#8220;?<\/strong><\/h3>\n\n\n<div class=\"wp-block-image\">\n<figure class=\"alignright size-full is-resized\"><img loading=\"lazy\" decoding=\"async\" width=\"940\" height=\"788\" src=\"https:\/\/schwarzwaldschule-rheinstetten.de\/wp-content\/uploads\/2024\/04\/Klasse2000_Banner_FB_940x788-2.png\" alt=\"\" class=\"wp-image-933\" style=\"width:293px;height:auto\" srcset=\"https:\/\/schwarzwaldschule-rheinstetten.de\/wp-content\/uploads\/2024\/04\/Klasse2000_Banner_FB_940x788-2.png 940w, https:\/\/schwarzwaldschule-rheinstetten.de\/wp-content\/uploads\/2024\/04\/Klasse2000_Banner_FB_940x788-2-300x251.png 300w, https:\/\/schwarzwaldschule-rheinstetten.de\/wp-content\/uploads\/2024\/04\/Klasse2000_Banner_FB_940x788-2-768x644.png 768w, https:\/\/schwarzwaldschule-rheinstetten.de\/wp-content\/uploads\/2024\/04\/Klasse2000_Banner_FB_940x788-2-16x13.png 16w, https:\/\/schwarzwaldschule-rheinstetten.de\/wp-content\/uploads\/2024\/04\/Klasse2000_Banner_FB_940x788-2-36x30.png 36w, https:\/\/schwarzwaldschule-rheinstetten.de\/wp-content\/uploads\/2024\/04\/Klasse2000_Banner_FB_940x788-2-48x40.png 48w\" sizes=\"auto, (max-width: 940px) 100vw, 940px\" \/><\/figure>\n<\/div>\n\n\n<p>Die Kinder erforschen mit der Figur KLARO, wie ihr K\u00f6rper funktioniert und was sie selbst tun k\u00f6nnen, damit es Ihnen gut geht. <\/p>\n\n\n\n<p>Die gro\u00dfen Themen von &#8222;Klasse2000&#8220; sind:<\/p>\n\n\n\n<ul class=\"wp-block-list\">\n<li>Gesund essen &amp; trinken<\/li>\n\n\n\n<li>Bewegen &amp; entspannen<\/li>\n\n\n\n<li>Sich selbst m\u00f6gen &amp; Freunde haben<\/li>\n\n\n\n<li>Probleme &amp; Konflikte l\u00f6sen<\/li>\n\n\n\n<li>Kritisch denken &amp; Nein sagen, z.B. bei Tabak und Alkohol <\/li>\n<\/ul>\n\n\n\n<div style=\"height:37px\" aria-hidden=\"true\" class=\"wp-block-spacer\"><\/div>\n\n\n\n<h3 class=\"wp-block-heading has-text-align-center\"><strong>Wie funktioniert &#8222;Klasse2000&#8220;?<\/strong><\/h3>\n\n\n\n<p>Das Programm begleitet die Kinder von Klasse 1 bis 4, pro Schuljahr finden ca. 15 &#8222;Klasse2000&#8220;- Stunden statt. Zwei bis drei Mal pro Schuljahr besuchen speziell geschulte &#8222;Klasse2000&#8220;- Gesundheitsf\u00f6rder:innen die Klassen und f\u00fchren mit besonderen Experimenten und Spielen neue Themen ein. Die Kinder sind begeistert von diesen Stunden, und die Lehrkr\u00e4fte haben dadurch eine gute Grundlage f\u00fcr die weitere Vertiefung. Die KLARO-Labor gibt es zus\u00e4tzlich viele digitale Materialien f\u00fcr den Unterricht und f\u00fcr Zuhause. <\/p>\n\n\n\n<div style=\"height:54px\" aria-hidden=\"true\" class=\"wp-block-spacer\"><\/div>\n\n\n\n<p>Das Projekt &#8222;Klasse2000&#8220; wird von einem gemeinn\u00fctzigen Verein getragen und \u00fcber Patenschaften finanziert (250\u20ac pro Klasse und Schuljahr). Wir freuen uns sehr, dass wir die Seebach-Kalkbrenner-Stiftung, Rheinstetten als Paten f\u00fcr die Finanzierung des Projektes gewinnen konnten und bedanken uns auch im Namen der Kinder herzlich f\u00fcr diese gro\u00dfartige Unterst\u00fctzung. <\/p>\n\n\n\n<figure class=\"wp-block-image alignwide size-full\"><img loading=\"lazy\" decoding=\"async\" width=\"468\" height=\"60\" src=\"https:\/\/schwarzwaldschule-rheinstetten.de\/wp-content\/uploads\/2024\/04\/klasse2000-banner-468x60px.jpg\" alt=\"\" class=\"wp-image-927\" srcset=\"https:\/\/schwarzwaldschule-rheinstetten.de\/wp-content\/uploads\/2024\/04\/klasse2000-banner-468x60px.jpg 468w, https:\/\/schwarzwaldschule-rheinstetten.de\/wp-content\/uploads\/2024\/04\/klasse2000-banner-468x60px-300x38.jpg 300w, https:\/\/schwarzwaldschule-rheinstetten.de\/wp-content\/uploads\/2024\/04\/klasse2000-banner-468x60px-16x2.jpg 16w, https:\/\/schwarzwaldschule-rheinstetten.de\/wp-content\/uploads\/2024\/04\/klasse2000-banner-468x60px-36x5.jpg 36w, https:\/\/schwarzwaldschule-rheinstetten.de\/wp-content\/uploads\/2024\/04\/klasse2000-banner-468x60px-48x6.jpg 48w\" sizes=\"auto, (max-width: 468px) 100vw, 468px\" \/><\/figure>\n","protected":false},"excerpt":{"rendered":"<p>Stark und gesund mit &#8222;Klasse2000&#8220; &#8222;Klasse2000&#8220; ist das bundesweit gr\u00f6\u00dfte Unterrichtsprogramm zur Gesundheitsf\u00f6rderung, Sucht- und Gewaltvorbeugung f\u00fcr die Grundschule. Wir beteiligen uns seit dem Schuljahr [&hellip;]<\/p>\n","protected":false},"author":3,"featured_media":0,"parent":0,"menu_order":0,"comment_status":"closed","ping_status":"closed","template":"","meta":{"footnotes":""},"class_list":["post-925","page","type-page","status-publish","hentry"],"_links":{"self":[{"href":"https:\/\/schwarzwaldschule-rheinstetten.de\/index.php?rest_route=\/wp\/v2\/pages\/925","targetHints":{"allow":["GET"]}}],"collection":[{"href":"https:\/\/schwarzwaldschule-rheinstetten.de\/index.php?rest_route=\/wp\/v2\/pages"}],"about":[{"href":"https:\/\/schwarzwaldschule-rheinstetten.de\/index.php?rest_route=\/wp\/v2\/types\/page"}],"author":[{"embeddable":true,"href":"https:\/\/schwarzwaldschule-rheinstetten.de\/index.php?rest_route=\/wp\/v2\/users\/3"}],"replies":[{"embeddable":true,"href":"https:\/\/schwarzwaldschule-rheinstetten.de\/index.php?rest_route=%2Fwp%2Fv2%2Fcomments&post=925"}],"version-history":[{"count":7,"href":"https:\/\/schwarzwaldschule-rheinstetten.de\/index.php?rest_route=\/wp\/v2\/pages\/925\/revisions"}],"predecessor-version":[{"id":939,"href":"https:\/\/schwarzwaldschule-rheinstetten.de\/index.php?rest_route=\/wp\/v2\/pages\/925\/revisions\/939"}],"wp:attachment":[{"href":"https:\/\/schwarzwaldschule-rheinstetten.de\/index.php?rest_route=%2Fwp%2Fv2%2Fmedia&parent=925"}],"curies":[{"name":"wp","href":"https:\/\/api.w.org\/{rel}","templated":true}]}}