{"id":77,"date":"2023-02-12T11:59:26","date_gmt":"2023-02-12T10:59:26","guid":{"rendered":"https:\/\/sws.mjedv.com\/?page_id=77"},"modified":"2026-05-11T20:58:58","modified_gmt":"2026-05-11T18:58:58","slug":"downloads","status":"publish","type":"page","link":"https:\/\/schwarzwaldschule-rheinstetten.de\/?page_id=77","title":{"rendered":"Downloads"},"content":{"rendered":"\n<h3 class=\"wp-block-heading has-text-align-center\">Downloads<\/h3>\n\n\n\n<div style=\"height:25px\" aria-hidden=\"true\" class=\"wp-block-spacer\"><\/div>\n\n\n\n<h4 class=\"wp-block-heading has-text-align-left\">Anmeldeformular<\/h4>\n\n\n\n<div class=\"wp-block-file\"><a id=\"wp-block-file--media-35d03325-40ad-42d9-9f76-08a964576ed2\" href=\"https:\/\/schwarzwaldschule-rheinstetten.de\/wp-content\/uploads\/2025\/01\/2024-12-19-Anmeldeformular-GSausfuellbar.pdf\">Anmeldeformular GS ausf\u00fcllbar<\/a><a href=\"https:\/\/schwarzwaldschule-rheinstetten.de\/wp-content\/uploads\/2025\/01\/2024-12-19-Anmeldeformular-GSausfuellbar.pdf\" class=\"wp-block-file__button wp-element-button\" download aria-describedby=\"wp-block-file--media-35d03325-40ad-42d9-9f76-08a964576ed2\">Herunterladen<\/a><\/div>\n\n\n\n<div style=\"height:25px\" aria-hidden=\"true\" class=\"wp-block-spacer\"><\/div>\n\n\n\n<h4 class=\"wp-block-heading\">Anton &#8211; App Informationen <\/h4>\n\n\n\n<div class=\"wp-block-file\"><a id=\"wp-block-file--media-30100178-50a3-49be-957e-ffff1f015b52\" href=\"https:\/\/schwarzwaldschule-rheinstetten.de\/wp-content\/uploads\/2023\/12\/Anton-App.pdf\">Anton-App<\/a><a href=\"https:\/\/schwarzwaldschule-rheinstetten.de\/wp-content\/uploads\/2023\/12\/Anton-App.pdf\" class=\"wp-block-file__button wp-element-button\" download aria-describedby=\"wp-block-file--media-30100178-50a3-49be-957e-ffff1f015b52\">Herunterladen<\/a><\/div>\n\n\n\n<div style=\"height:25px\" aria-hidden=\"true\" class=\"wp-block-spacer\"><\/div>\n\n\n\n<h4 class=\"wp-block-heading\">BISS &#8211; Transfer Informationen <\/h4>\n\n\n\n<div class=\"wp-block-file\"><a id=\"wp-block-file--media-de286520-f31a-4330-95fe-568a176202f7\" href=\"https:\/\/schwarzwaldschule-rheinstetten.de\/wp-content\/uploads\/2023\/12\/BISS-TRANSFER-BW.pdf\">BISS-TRANSFER-BW<\/a><a href=\"https:\/\/schwarzwaldschule-rheinstetten.de\/wp-content\/uploads\/2023\/12\/BISS-TRANSFER-BW.pdf\" class=\"wp-block-file__button wp-element-button\" download aria-describedby=\"wp-block-file--media-de286520-f31a-4330-95fe-568a176202f7\">Herunterladen<\/a><\/div>\n\n\n\n<div style=\"height:25px\" aria-hidden=\"true\" class=\"wp-block-spacer\"><\/div>\n\n\n\n<h4 class=\"wp-block-heading has-text-align-left\">Elterninfo &#8211; Schulf\u00e4higkeit<\/h4>\n\n\n\n<div class=\"wp-block-file\"><a id=\"wp-block-file--media-11bc0ecd-4bdf-48b0-a0c5-badac4eda011\" href=\"https:\/\/schwarzwaldschule-rheinstetten.de\/wp-content\/uploads\/2023\/09\/Elterninfo-Schulfaehigkeit-2023.pdf\"><strong>Elterninfo &#8211; Schulf\u00e4higkeit<\/strong><\/a><a href=\"https:\/\/schwarzwaldschule-rheinstetten.de\/wp-content\/uploads\/2023\/09\/Elterninfo-Schulfaehigkeit-2023.pdf\" class=\"wp-block-file__button wp-element-button\" download aria-describedby=\"wp-block-file--media-11bc0ecd-4bdf-48b0-a0c5-badac4eda011\">Herunterladen<\/a><\/div>\n\n\n\n<div style=\"height:25px\" aria-hidden=\"true\" class=\"wp-block-spacer\"><\/div>\n\n\n\n<h4 class=\"wp-block-heading has-text-align-left\">Ferienplan<\/h4>\n\n\n\n<div class=\"wp-block-file\"><a id=\"wp-block-file--media-62f668d2-65f4-44cc-9fc5-7790ce7146cb\" href=\"https:\/\/schwarzwaldschule-rheinstetten.de\/wp-content\/uploads\/2026\/05\/2025-2026-Ferienplan.pdf\" target=\"_blank\" rel=\"noreferrer noopener\">2025-2026-Ferienplan<\/a><a href=\"https:\/\/schwarzwaldschule-rheinstetten.de\/wp-content\/uploads\/2026\/05\/2025-2026-Ferienplan.pdf\" class=\"wp-block-file__button wp-element-button\" download aria-describedby=\"wp-block-file--media-62f668d2-65f4-44cc-9fc5-7790ce7146cb\">Herunterladen<\/a><\/div>\n\n\n\n<div class=\"wp-block-file\"><a id=\"wp-block-file--media-627a68e8-31ed-4ebf-905d-ef7e46af008c\" href=\"https:\/\/schwarzwaldschule-rheinstetten.de\/wp-content\/uploads\/2026\/01\/2026_2027_Ferien-und-unterrichtsfreie-Tage.pdf\" target=\"_blank\" rel=\"noreferrer noopener\">2026_2027_Ferien und unterrichtsfreie Tage<\/a><a href=\"https:\/\/schwarzwaldschule-rheinstetten.de\/wp-content\/uploads\/2026\/01\/2026_2027_Ferien-und-unterrichtsfreie-Tage.pdf\" class=\"wp-block-file__button wp-element-button\" download aria-describedby=\"wp-block-file--media-627a68e8-31ed-4ebf-905d-ef7e46af008c\">Herunterladen<\/a><\/div>\n\n\n\n<h4 class=\"wp-block-heading has-text-align-left\">Flyer<\/h4>\n\n\n\n<div class=\"wp-block-file\"><a id=\"wp-block-file--media-234d132e-4854-4e1c-81b8-1660d4606844\" href=\"https:\/\/schwarzwaldschule-rheinstetten.de\/wp-content\/uploads\/2023\/11\/2023-10-11-schwarzwaldschule-flyer-v4-03_2021-2-121.pdf\">Flyer<\/a><a href=\"https:\/\/schwarzwaldschule-rheinstetten.de\/wp-content\/uploads\/2023\/11\/2023-10-11-schwarzwaldschule-flyer-v4-03_2021-2-121.pdf\" class=\"wp-block-file__button wp-element-button\" download aria-describedby=\"wp-block-file--media-234d132e-4854-4e1c-81b8-1660d4606844\">Herunterladen<\/a><\/div>\n\n\n\n<div style=\"height:0px\" aria-hidden=\"true\" class=\"wp-block-spacer\"><\/div>\n\n\n\n<h4 class=\"wp-block-heading has-text-align-left\">Haus- und Schulordnung<\/h4>\n\n\n\n<div class=\"wp-block-file alignleft\"><a id=\"wp-block-file--media-84659dc8-f650-4828-a91d-39edc1a4e982\" href=\"https:\/\/schwarzwaldschule-rheinstetten.de\/wp-content\/uploads\/2023\/02\/2020-01-22-Schulordnung-1.pdf\"><strong>2020-01-22-Schulordnung<\/strong><\/a><a href=\"https:\/\/schwarzwaldschule-rheinstetten.de\/wp-content\/uploads\/2023\/02\/2020-01-22-Schulordnung-1.pdf\" class=\"wp-block-file__button wp-element-button\" download aria-describedby=\"wp-block-file--media-84659dc8-f650-4828-a91d-39edc1a4e982\">Herunterladen<\/a><\/div>\n\n\n\n<div style=\"height:25px\" aria-hidden=\"true\" class=\"wp-block-spacer\"><\/div>\n\n\n\n<h4 class=\"wp-block-heading\">Smart Watches <\/h4>\n\n\n\n<div class=\"wp-block-file\"><a id=\"wp-block-file--media-3cfa5646-e077-45ba-845e-cfcd78d8ce78\" href=\"https:\/\/schwarzwaldschule-rheinstetten.de\/wp-content\/uploads\/2025\/02\/Smart-Watches-1.pdf\">Smart-Watches<\/a><a href=\"https:\/\/schwarzwaldschule-rheinstetten.de\/wp-content\/uploads\/2025\/02\/Smart-Watches-1.pdf\" class=\"wp-block-file__button wp-element-button\" download aria-describedby=\"wp-block-file--media-3cfa5646-e077-45ba-845e-cfcd78d8ce78\">Herunterladen<\/a><\/div>\n\n\n\n<p><\/p>\n\n\n\n<p><\/p>\n\n\n\n<h4 class=\"wp-block-heading has-text-align-left\">Ver\u00e4nderungsanzeige<\/h4>\n\n\n\n<div class=\"wp-block-file\"><a id=\"wp-block-file--media-2c354c67-e7d7-414f-ae3d-bddb9504cce9\" href=\"https:\/\/schwarzwaldschule-rheinstetten.de\/wp-content\/uploads\/2024\/09\/Veraenderungsanzeige.pdf\">Ver\u00e4nderungsanzeige<\/a><a href=\"https:\/\/schwarzwaldschule-rheinstetten.de\/wp-content\/uploads\/2024\/09\/Veraenderungsanzeige.pdf\" class=\"wp-block-file__button wp-element-button\" download aria-describedby=\"wp-block-file--media-2c354c67-e7d7-414f-ae3d-bddb9504cce9\">Herunterladen<\/a><\/div>\n\n\n\n<div style=\"height:25px\" aria-hidden=\"true\" class=\"wp-block-spacer\"><\/div>\n\n\n\n<h4 class=\"wp-block-heading has-text-align-left\"> Mensa-Regeln<\/h4>\n\n\n\n<p><\/p>\n\n\n\n<p><\/p>\n\n\n\n<h4 class=\"wp-block-heading\">Anmeldung f\u00fcr die Mensa (nur f\u00fcr Ganztageskinder!)<\/h4>\n\n\n\n<div class=\"wp-block-file\"><a id=\"wp-block-file--media-9e24bcb8-a9d4-4284-b860-8800c453beee\" href=\"https:\/\/schwarzwaldschule-rheinstetten.de\/wp-content\/uploads\/2024\/09\/Online-Registrierung-Mensa-Schwarzwald-GS-ab-01.09.2024.pdf\">Online-Registrierung Mensa Schwarzwald-GS ab 01.09.2024<\/a><a href=\"https:\/\/schwarzwaldschule-rheinstetten.de\/wp-content\/uploads\/2024\/09\/Online-Registrierung-Mensa-Schwarzwald-GS-ab-01.09.2024.pdf\" class=\"wp-block-file__button wp-element-button\" download aria-describedby=\"wp-block-file--media-9e24bcb8-a9d4-4284-b860-8800c453beee\">Herunterladen<\/a><\/div>\n\n\n\n<p><\/p>\n\n\n\n<p><\/p>\n\n\n\n<h4 class=\"wp-block-heading\">L\u00e4use Informationen<\/h4>\n\n\n\n<div class=\"wp-block-file\"><a id=\"wp-block-file--media-dd3de0d7-c80d-4b3b-b30d-3aee7ed06005\" href=\"https:\/\/schwarzwaldschule-rheinstetten.de\/wp-content\/uploads\/2023\/11\/Kopflause-Info_neu_2018-1.pdf\">Kopflause-Info<\/a><a href=\"https:\/\/schwarzwaldschule-rheinstetten.de\/wp-content\/uploads\/2023\/11\/Kopflause-Info_neu_2018-1.pdf\" class=\"wp-block-file__button wp-element-button\" download aria-describedby=\"wp-block-file--media-dd3de0d7-c80d-4b3b-b30d-3aee7ed06005\">Herunterladen<\/a><\/div>\n\n\n\n<p><\/p>\n\n\n\n<p><\/p>\n\n\n\n<h4 class=\"wp-block-heading\">Datenschutzerkl\u00e4rung f\u00fcr den Schulmanager<\/h4>\n\n\n\n<div class=\"wp-block-file\"><a id=\"wp-block-file--media-4c8c973b-1f5d-4ddf-a985-5661c97b3437\" href=\"https:\/\/schwarzwaldschule-rheinstetten.de\/wp-content\/uploads\/2024\/09\/2024-09-25-Schulmanager-Willkommensmappe.pdf\">Schulmanager-Datenschutz<\/a><a href=\"https:\/\/schwarzwaldschule-rheinstetten.de\/wp-content\/uploads\/2024\/09\/2024-09-25-Schulmanager-Willkommensmappe.pdf\" class=\"wp-block-file__button wp-element-button\" download aria-describedby=\"wp-block-file--media-4c8c973b-1f5d-4ddf-a985-5661c97b3437\">Herunterladen<\/a><\/div>\n\n\n\n<p><\/p>\n\n\n\n<p><\/p>\n","protected":false},"excerpt":{"rendered":"<p>Downloads Anmeldeformular Anton &#8211; App Informationen BISS &#8211; Transfer Informationen Elterninfo &#8211; Schulf\u00e4higkeit Ferienplan Flyer Haus- und Schulordnung Smart Watches Ver\u00e4nderungsanzeige Mensa-Regeln Anmeldung f\u00fcr die [&hellip;]<\/p>\n","protected":false},"author":1,"featured_media":0,"parent":0,"menu_order":0,"comment_status":"closed","ping_status":"closed","template":"","meta":{"footnotes":""},"class_list":["post-77","page","type-page","status-publish","hentry"],"_links":{"self":[{"href":"https:\/\/schwarzwaldschule-rheinstetten.de\/index.php?rest_route=\/wp\/v2\/pages\/77","targetHints":{"allow":["GET"]}}],"collection":[{"href":"https:\/\/schwarzwaldschule-rheinstetten.de\/index.php?rest_route=\/wp\/v2\/pages"}],"about":[{"href":"https:\/\/schwarzwaldschule-rheinstetten.de\/index.php?rest_route=\/wp\/v2\/types\/page"}],"author":[{"embeddable":true,"href":"https:\/\/schwarzwaldschule-rheinstetten.de\/index.php?rest_route=\/wp\/v2\/users\/1"}],"replies":[{"embeddable":true,"href":"https:\/\/schwarzwaldschule-rheinstetten.de\/index.php?rest_route=%2Fwp%2Fv2%2Fcomments&post=77"}],"version-history":[{"count":43,"href":"https:\/\/schwarzwaldschule-rheinstetten.de\/index.php?rest_route=\/wp\/v2\/pages\/77\/revisions"}],"predecessor-version":[{"id":1113,"href":"https:\/\/schwarzwaldschule-rheinstetten.de\/index.php?rest_route=\/wp\/v2\/pages\/77\/revisions\/1113"}],"wp:attachment":[{"href":"https:\/\/schwarzwaldschule-rheinstetten.de\/index.php?rest_route=%2Fwp%2Fv2%2Fmedia&parent=77"}],"curies":[{"name":"wp","href":"https:\/\/api.w.org\/{rel}","templated":true}]}}