{"id":75,"date":"2023-02-12T11:59:08","date_gmt":"2023-02-12T10:59:08","guid":{"rendered":"https:\/\/sws.mjedv.com\/?page_id=75"},"modified":"2025-10-07T20:18:55","modified_gmt":"2025-10-07T18:18:55","slug":"infos-fuer-eltern","status":"publish","type":"page","link":"https:\/\/schwarzwaldschule-rheinstetten.de\/?page_id=75","title":{"rendered":"Infos f\u00fcr Eltern"},"content":{"rendered":"\n<h2 class=\"wp-block-heading has-text-align-center\">Infos f\u00fcr Eltern<\/h2>\n\n\n\n<div style=\"height:25px\" aria-hidden=\"true\" class=\"wp-block-spacer\"><\/div>\n\n\n\n<h3 class=\"wp-block-heading has-text-align-center has-larger-font-size\"><a href=\"https:\/\/schwarzwaldschule-rheinstetten.de\/?page_id=140\" data-type=\"page\" data-id=\"140\">Termine<\/a><\/h3>\n\n\n\n<div class=\"wp-block-file aligncenter\"><a id=\"wp-block-file--media-dc42b8fc-6d8a-4473-8fcb-384b19c0fc0e\" href=\"https:\/\/schwarzwaldschule-rheinstetten.de\/wp-content\/uploads\/2025\/02\/Kooperativer-Religionsunterricht-2025-3.pdf\" target=\"_blank\" rel=\"noreferrer noopener\"><strong>Kooperativer Religionsunterricht 2025<\/strong><\/a><\/div>\n\n\n\n<p><\/p>\n\n\n\n<h3 class=\"wp-block-heading has-text-align-center has-larger-font-size\"><a href=\"https:\/\/schwarzwaldschule-rheinstetten.de\/?page_id=142\" data-type=\"page\" data-id=\"142\">F\u00f6rdergemeinschaft<\/a><\/h3>\n\n\n\n<div style=\"height:25px\" aria-hidden=\"true\" class=\"wp-block-spacer\"><\/div>\n\n\n\n<h3 class=\"wp-block-heading has-text-align-center has-larger-font-size\"><a href=\"https:\/\/schwarzwaldschule-rheinstetten.de\/?page_id=144\" data-type=\"page\" data-id=\"144\">Schulwegeplan<\/a><\/h3>\n\n\n\n<div style=\"height:26px\" aria-hidden=\"true\" class=\"wp-block-spacer\"><\/div>\n\n\n\n<h3 class=\"wp-block-heading has-text-align-center has-larger-font-size\"><a href=\"https:\/\/schwarzwaldschule-rheinstetten.de\/?page_id=146\" data-type=\"page\" data-id=\"146\">Kernzeit<\/a><\/h3>\n\n\n\n<div style=\"height:25px\" aria-hidden=\"true\" class=\"wp-block-spacer\"><\/div>\n\n\n\n<h2 class=\"wp-block-heading alignwide has-text-align-center has-larger-font-size\" id=\"we-re-a-studio-in-berlin-with-an-international-practice-in-architecture-urban-planning-and-interior-design-we-believe-in-sharing-knowledge-and-promoting-dialogue-to-increase-the-creative-potential-of-collaboration\" style=\"line-height:1.1\"><mark style=\"background-color:rgba(0, 0, 0, 0);color:#edae10\" class=\"has-inline-color\">Informationen f\u00fcr die Anton App<\/mark><\/h2>\n\n\n\n<p><\/p>\n\n\n\n<h3 class=\"wp-block-heading has-text-align-center has-larger-font-size\"><a href=\"https:\/\/schwarzwaldschule-rheinstetten.de\/?page_id=148\" data-type=\"page\" data-id=\"148\">Links<\/a><\/h3>\n\n\n","protected":false},"excerpt":{"rendered":"<p>Infos f\u00fcr Eltern Termine F\u00f6rdergemeinschaft Schulwegeplan Kernzeit Informationen f\u00fcr die Anton App Links<\/p>\n","protected":false},"author":1,"featured_media":0,"parent":0,"menu_order":0,"comment_status":"closed","ping_status":"closed","template":"","meta":{"footnotes":""},"class_list":["post-75","page","type-page","status-publish","hentry"],"_links":{"self":[{"href":"https:\/\/schwarzwaldschule-rheinstetten.de\/index.php?rest_route=\/wp\/v2\/pages\/75","targetHints":{"allow":["GET"]}}],"collection":[{"href":"https:\/\/schwarzwaldschule-rheinstetten.de\/index.php?rest_route=\/wp\/v2\/pages"}],"about":[{"href":"https:\/\/schwarzwaldschule-rheinstetten.de\/index.php?rest_route=\/wp\/v2\/types\/page"}],"author":[{"embeddable":true,"href":"https:\/\/schwarzwaldschule-rheinstetten.de\/index.php?rest_route=\/wp\/v2\/users\/1"}],"replies":[{"embeddable":true,"href":"https:\/\/schwarzwaldschule-rheinstetten.de\/index.php?rest_route=%2Fwp%2Fv2%2Fcomments&post=75"}],"version-history":[{"count":13,"href":"https:\/\/schwarzwaldschule-rheinstetten.de\/index.php?rest_route=\/wp\/v2\/pages\/75\/revisions"}],"predecessor-version":[{"id":1097,"href":"https:\/\/schwarzwaldschule-rheinstetten.de\/index.php?rest_route=\/wp\/v2\/pages\/75\/revisions\/1097"}],"wp:attachment":[{"href":"https:\/\/schwarzwaldschule-rheinstetten.de\/index.php?rest_route=%2Fwp%2Fv2%2Fmedia&parent=75"}],"curies":[{"name":"wp","href":"https:\/\/api.w.org\/{rel}","templated":true}]}}