{"id":308,"date":"2023-02-13T16:06:34","date_gmt":"2023-02-13T15:06:34","guid":{"rendered":"https:\/\/sws.mjedv.com\/?page_id=308"},"modified":"2023-12-04T20:17:44","modified_gmt":"2023-12-04T19:17:44","slug":"floetino","status":"publish","type":"page","link":"https:\/\/schwarzwaldschule-rheinstetten.de\/?page_id=308","title":{"rendered":"Fl\u00f6tino"},"content":{"rendered":"\n<p><\/p>\n\n\n\n<p><strong>Schwarzwaldschule und Fl\u00f6tino &#8211; Ihre Fl\u00f6tenschule mit Herz!<\/strong><\/p>\n\n\n\n<p>Seit \u00fcber 18 Jahren pflegen die Schwarzwaldschule Rheinstetten und die Fl\u00f6tenschule Fl\u00f6tino eine enge Zusammenarbeit, die das schulische Angebot mit Blockfl\u00f6tenunterricht und vielf\u00e4ltigen Konzerten bereichert. <\/p>\n\n\n\n<p>Als Ihre Ansprechpartnerin steht Ihnen Kerstin Friedmann zur Verf\u00fcgung. <\/p>\n\n\n\n<p>Besuchen Sie Fl\u00f6tino auch online unter: https:\/\/www.floetenschule-floetino.de\/<\/p>\n\n\n\n<p><\/p>\n\n\n\n<p><strong>Blockfl\u00f6tenunterricht an der Schwarzwaldschule <\/strong><\/p>\n\n\n\n<p>In kleinen Gruppen, nach Klassenstufen geordnet, erlernen die Sch\u00fclerinnen und Sch\u00fcler bei Fl\u00f6tino die Blockfl\u00f6te. Der Unterricht legt schrittweise die ersten musikalischen Grundlagen:<\/p>\n\n\n\n<p>Kreative Rhythmen werden entwickelt und nachgeahmt, um das Geh\u00f6r zu schulen. Mit der Zeit integrieren wir das Lesen und Schreiben von Noten. <\/p>\n\n\n\n<p>Unser Fokus liegt auf aktiver Beteiligung und der Freude an Musik, w\u00e4hrend spielerisch ein solides musikalisches Fundament aufgebaut wird. Im Verlauf des Schuljahres erhalten Ihre Kinder regelm\u00e4\u00dfig die Gelegenheit, ihre erlernten F\u00e4higkeiten und Musikst\u00fccke bei Auftritten w\u00e4hrend Schulveranstaltungen und Konzerten zu pr\u00e4sentieren. <\/p>\n\n\n\n<p>Dar\u00fcber hinaus bringt der musikalische Unterricht einige Vorteile mit sich, wie:<\/p>\n\n\n\n<p><strong>F\u00f6rderung sozialer Kompetenzen:<\/strong><\/p>\n\n\n\n<p>Das Musizieren mit Anderen st\u00e4rkt das Zuh\u00f6ren und f\u00f6rdert den Teamgeist.<\/p>\n\n\n\n<p><strong>F\u00f6rderung kognitiver F\u00e4higkeiten:<\/strong><\/p>\n\n\n\n<p>Rhythmen schulen das Ged\u00e4chtnis, f\u00f6rdern logisches Denken und steigern die Konzentration.<\/p>\n\n\n\n<p><strong>F\u00f6rderung der emotionalen Entwicklung:<\/strong><\/p>\n\n\n\n<p>Durch musikalische Improvisation und Interpretation verschiedener St\u00fccke k\u00f6nnen Emotionen auf kreative Weise entfaltet werden. <\/p>\n\n\n\n<p><\/p>\n","protected":false},"excerpt":{"rendered":"<p>Schwarzwaldschule und Fl\u00f6tino &#8211; Ihre Fl\u00f6tenschule mit Herz! Seit \u00fcber 18 Jahren pflegen die Schwarzwaldschule Rheinstetten und die Fl\u00f6tenschule Fl\u00f6tino eine enge Zusammenarbeit, die das [&hellip;]<\/p>\n","protected":false},"author":1,"featured_media":0,"parent":0,"menu_order":0,"comment_status":"closed","ping_status":"closed","template":"","meta":{"footnotes":""},"class_list":["post-308","page","type-page","status-publish","hentry"],"_links":{"self":[{"href":"https:\/\/schwarzwaldschule-rheinstetten.de\/index.php?rest_route=\/wp\/v2\/pages\/308","targetHints":{"allow":["GET"]}}],"collection":[{"href":"https:\/\/schwarzwaldschule-rheinstetten.de\/index.php?rest_route=\/wp\/v2\/pages"}],"about":[{"href":"https:\/\/schwarzwaldschule-rheinstetten.de\/index.php?rest_route=\/wp\/v2\/types\/page"}],"author":[{"embeddable":true,"href":"https:\/\/schwarzwaldschule-rheinstetten.de\/index.php?rest_route=\/wp\/v2\/users\/1"}],"replies":[{"embeddable":true,"href":"https:\/\/schwarzwaldschule-rheinstetten.de\/index.php?rest_route=%2Fwp%2Fv2%2Fcomments&post=308"}],"version-history":[{"count":3,"href":"https:\/\/schwarzwaldschule-rheinstetten.de\/index.php?rest_route=\/wp\/v2\/pages\/308\/revisions"}],"predecessor-version":[{"id":822,"href":"https:\/\/schwarzwaldschule-rheinstetten.de\/index.php?rest_route=\/wp\/v2\/pages\/308\/revisions\/822"}],"wp:attachment":[{"href":"https:\/\/schwarzwaldschule-rheinstetten.de\/index.php?rest_route=%2Fwp%2Fv2%2Fmedia&parent=308"}],"curies":[{"name":"wp","href":"https:\/\/api.w.org\/{rel}","templated":true}]}}