{"id":120,"date":"2023-02-12T12:11:54","date_gmt":"2023-02-12T11:11:54","guid":{"rendered":"https:\/\/sws.mjedv.com\/?page_id=120"},"modified":"2024-01-31T19:22:17","modified_gmt":"2024-01-31T18:22:17","slug":"schulseelsorge","status":"publish","type":"page","link":"https:\/\/schwarzwaldschule-rheinstetten.de\/?page_id=120","title":{"rendered":"Schulseelsorge"},"content":{"rendered":"\n<h2 class=\"wp-block-heading has-text-align-center\"><strong>Schulseelsorge,<\/strong><\/h2>\n\n\n\n<h2 class=\"wp-block-heading has-text-align-center\"><strong>damit das Schwere leichter wird<\/strong><\/h2>\n\n\n\n<div style=\"height:25px\" aria-hidden=\"true\" class=\"wp-block-spacer\"><\/div>\n\n\n\n<h4 class=\"wp-block-heading\"><strong><em>Lebensbegleitung im Lern &#8211; und Lebensort der Schwarzwald-Grundschule<\/em><\/strong><\/h4>\n\n\n\n<ul class=\"wp-block-list\">\n<li>Die Schulseelsorge ist Lebensbegleitung in allen Lebenslagen und ein Angebot f\u00fcr alle Sch\u00fclerinnen und Sch\u00fcler, Lehrerinnen und Lehrer, Eltern und Allen, die am Schulleben beteiligt sind.<\/li>\n\n\n\n<li>Die Schulseelsorge m\u00f6chte ihren Teil dazu beitragen, damit das Zusammenleben&nbsp; mit &#8211; und untereinander gelingen kann.<\/li>\n<\/ul>\n\n\n<div class=\"wp-block-image\">\n<figure class=\"aligncenter size-full\"><img loading=\"lazy\" decoding=\"async\" width=\"427\" height=\"323\" src=\"https:\/\/schwarzwaldschule-rheinstetten.de\/wp-content\/uploads\/2024\/01\/seelsorge1.jpg\" alt=\"\" class=\"wp-image-896\" srcset=\"https:\/\/schwarzwaldschule-rheinstetten.de\/wp-content\/uploads\/2024\/01\/seelsorge1.jpg 427w, https:\/\/schwarzwaldschule-rheinstetten.de\/wp-content\/uploads\/2024\/01\/seelsorge1-300x227.jpg 300w, https:\/\/schwarzwaldschule-rheinstetten.de\/wp-content\/uploads\/2024\/01\/seelsorge1-16x12.jpg 16w, https:\/\/schwarzwaldschule-rheinstetten.de\/wp-content\/uploads\/2024\/01\/seelsorge1-36x27.jpg 36w, https:\/\/schwarzwaldschule-rheinstetten.de\/wp-content\/uploads\/2024\/01\/seelsorge1-48x36.jpg 48w\" sizes=\"auto, (max-width: 427px) 100vw, 427px\" \/><\/figure>\n<\/div>\n\n\n<div style=\"height:25px\" aria-hidden=\"true\" class=\"wp-block-spacer\"><\/div>\n\n\n\n<h4 class=\"wp-block-heading\"><strong><em>Schulseelsorge<\/em><\/strong><em> ist da<\/em><\/h4>\n\n\n\n<p>und wird durch schulpastorale Angebote unterst\u00fctzt, WEIL (ES):<\/p>\n\n\n\n<p><strong>&#8230;Konflikte gibt<\/strong><\/p>\n\n\n\n<p>Stichwort: Gewaltfreie Kommunikation nach Marschall Rosenberg, mit dem<\/p>\n\n\n\n<p>Projekt: \u201eKennt ihr die Giraffensprache?\u201c, welches in Zusammenarbeit mit der Schulsozialarbeit &nbsp;mit je sieben Wochenstunden durchgef\u00fchrt wird.<\/p>\n\n\n\n<p>\u2026<strong> alles aussichtslos erscheint<\/strong><\/p>\n\n\n\n<p>Einzel- und Gruppengespr\u00e4che f\u00fcr Sch\u00fclerinnen und Sch\u00fcler, Lehrerinnen und Lehrer, Eltern <\/p>\n\n\n\n<p>\u2026 <strong>alles in Frage gestellt wird<\/strong><\/p>\n\n\n\n<p>In Krisenzeiten und Krisensituationen, wenn jemand stirbt oder gestorben ist. Oder wenn man nicht wei\u00df wohin mit seiner Traurigkeit oder Wut.<\/p>\n\n\n\n<p>\u2026 <strong>das Schuljahr bestimmt ist von gepr\u00e4gten Zeiten<\/strong><\/p>\n\n\n\n<p>Das Durchf\u00fchren von Schulanfangs &#8211; und Weihnachtsgottesdiensten. Andachten zum Thema \u201eAbschied\u201c oder \u201eSternstunden im Advent\u201c im Raum der Stille.<\/p>\n\n\n\n<p>\u2026<strong>sie gepr\u00e4gt ist von der christlichen Ethik<\/strong><\/p>\n\n\n\n<p>Stichwort: \u201eDie W\u00fcrde des Menschen ist unantastbar.\u201c<\/p>\n\n\n\n<p>Welches sich im \u201eFair-Trade &#8211; Mangoprojekt\u201c, widerspiegelt, das in der<\/p>\n\n\n\n<p>Klassenstufe 4 durchgef\u00fchrt wird. Aber auch die N\u00e4chstenliebe, die sichtbar wird durch die Nikolausaktion, die jedes Jahr ihren festen Platz hat.<\/p>\n\n\n\n<div style=\"height:25px\" aria-hidden=\"true\" class=\"wp-block-spacer\"><\/div>\n\n\n\n<h4 class=\"wp-block-heading\"><strong><em>Schulseelsorge h\u00f6rt zu, begleitet, f\u00fchlt mit, sortiert, regt an<\/em><\/strong>.<\/h4>\n\n\n\n<h5 class=\"wp-block-heading\"><strong><em>Sie ist \u00fcberkonfessionell, neutral und vertraulich<\/em><\/strong><\/h5>\n\n\n\n<div class=\"wp-block-columns is-layout-flex wp-container-core-columns-is-layout-9d6595d7 wp-block-columns-is-layout-flex\">\n<div class=\"wp-block-column is-layout-flow wp-block-column-is-layout-flow\" style=\"flex-basis:66.66%\">\n<div style=\"height:15px\" aria-hidden=\"true\" class=\"wp-block-spacer\"><\/div>\n\n\n\n<p><strong>Wer?<\/strong><\/p>\n\n\n\n<p>Angelika Heilig, (Religionslehrerin, Schulseelsorgerin)<\/p>\n\n\n\n<p><strong>Wie? <\/strong><\/p>\n\n\n\n<ul class=\"wp-block-list\">\n<li>telefonisch (0721) 9517631 (\u00fcber das Sekretariat der Schule)<\/li>\n\n\n\n<li>per E-Mail: <a href=\"mailto:a.heilig@sws.schule\">a.heilig@sws.schule<\/a> <\/li>\n\n\n\n<li>m\u00fcndlich: \u00fcber die Klassen- oder Fachlehrer\/innen<\/li>\n<\/ul>\n<\/div>\n\n\n\n<div class=\"wp-block-column is-layout-flow wp-block-column-is-layout-flow\" style=\"flex-basis:33.33%\"><div class=\"wp-block-image\">\n<figure class=\"aligncenter size-full is-resized\"><img loading=\"lazy\" decoding=\"async\" width=\"323\" height=\"427\" src=\"https:\/\/schwarzwaldschule-rheinstetten.de\/wp-content\/uploads\/2024\/01\/seelsorge2.jpg\" alt=\"\" class=\"wp-image-898\" style=\"width:192px;height:auto\" srcset=\"https:\/\/schwarzwaldschule-rheinstetten.de\/wp-content\/uploads\/2024\/01\/seelsorge2.jpg 323w, https:\/\/schwarzwaldschule-rheinstetten.de\/wp-content\/uploads\/2024\/01\/seelsorge2-227x300.jpg 227w, https:\/\/schwarzwaldschule-rheinstetten.de\/wp-content\/uploads\/2024\/01\/seelsorge2-12x16.jpg 12w, https:\/\/schwarzwaldschule-rheinstetten.de\/wp-content\/uploads\/2024\/01\/seelsorge2-27x36.jpg 27w, https:\/\/schwarzwaldschule-rheinstetten.de\/wp-content\/uploads\/2024\/01\/seelsorge2-36x48.jpg 36w\" sizes=\"auto, (max-width: 323px) 100vw, 323px\" \/><\/figure>\n<\/div><\/div>\n<\/div>\n","protected":false},"excerpt":{"rendered":"<p>Schulseelsorge, damit das Schwere leichter wird Lebensbegleitung im Lern &#8211; und Lebensort der Schwarzwald-Grundschule Schulseelsorge ist da und wird durch schulpastorale Angebote unterst\u00fctzt, WEIL (ES): [&hellip;]<\/p>\n","protected":false},"author":1,"featured_media":0,"parent":0,"menu_order":0,"comment_status":"closed","ping_status":"closed","template":"","meta":{"footnotes":""},"class_list":["post-120","page","type-page","status-publish","hentry"],"_links":{"self":[{"href":"https:\/\/schwarzwaldschule-rheinstetten.de\/index.php?rest_route=\/wp\/v2\/pages\/120","targetHints":{"allow":["GET"]}}],"collection":[{"href":"https:\/\/schwarzwaldschule-rheinstetten.de\/index.php?rest_route=\/wp\/v2\/pages"}],"about":[{"href":"https:\/\/schwarzwaldschule-rheinstetten.de\/index.php?rest_route=\/wp\/v2\/types\/page"}],"author":[{"embeddable":true,"href":"https:\/\/schwarzwaldschule-rheinstetten.de\/index.php?rest_route=\/wp\/v2\/users\/1"}],"replies":[{"embeddable":true,"href":"https:\/\/schwarzwaldschule-rheinstetten.de\/index.php?rest_route=%2Fwp%2Fv2%2Fcomments&post=120"}],"version-history":[{"count":9,"href":"https:\/\/schwarzwaldschule-rheinstetten.de\/index.php?rest_route=\/wp\/v2\/pages\/120\/revisions"}],"predecessor-version":[{"id":903,"href":"https:\/\/schwarzwaldschule-rheinstetten.de\/index.php?rest_route=\/wp\/v2\/pages\/120\/revisions\/903"}],"wp:attachment":[{"href":"https:\/\/schwarzwaldschule-rheinstetten.de\/index.php?rest_route=%2Fwp%2Fv2%2Fmedia&parent=120"}],"curies":[{"name":"wp","href":"https:\/\/api.w.org\/{rel}","templated":true}]}}