{"id":116,"date":"2023-02-12T12:11:16","date_gmt":"2023-02-12T11:11:16","guid":{"rendered":"https:\/\/sws.mjedv.com\/?page_id=116"},"modified":"2023-02-13T18:09:47","modified_gmt":"2023-02-13T17:09:47","slug":"beratungslehrer","status":"publish","type":"page","link":"https:\/\/schwarzwaldschule-rheinstetten.de\/?page_id=116","title":{"rendered":"Beratungslehrer"},"content":{"rendered":"\n<h2 class=\"has-text-align-center wp-block-heading\">Beratungslehrer<\/h2>\n\n\n\n<div style=\"height:25px\" aria-hidden=\"true\" class=\"wp-block-spacer\"><\/div>\n\n\n\n<p>Beratungslehrkr\u00e4fte sind Lehrkr\u00e4fte mit einer Zusatzqualifikation f\u00fcr die Beratung von Eltern, Sch\u00fclern und Lehrern zu p\u00e4dagogisch-psychologischen Themen. Bei Fragen zu Lernschwierigkeiten oder zur Schullaufbahn bieten sie Informationen und Beratung an. Sie k\u00f6nnen bei Bedarf psychologische Testverfahren zur genaueren Diagnose einsetzen. Beratungslehrkr\u00e4fte stehen in engem Kontakt zur Schulpsychologischen Beratungsstelle und vermitteln Kontakte zu anderen Beratungsstellen.<\/p>\n\n\n\n<div style=\"height:25px\" aria-hidden=\"true\" class=\"wp-block-spacer\"><\/div>\n\n\n\n<div class=\"wp-block-columns is-layout-flex wp-container-core-columns-is-layout-9d6595d7 wp-block-columns-is-layout-flex\">\n<div class=\"wp-block-column is-layout-flow wp-block-column-is-layout-flow\">\n<p><strong>Der Beratungslehrer an unserer Schule ist Herr F\u00f6rderer<\/strong>:<\/p>\n<\/div>\n\n\n\n<div class=\"wp-block-column is-layout-flow wp-block-column-is-layout-flow\">\n<figure class=\"wp-block-image size-full is-resized\"><img loading=\"lazy\" decoding=\"async\" src=\"https:\/\/sws.mjedv.com\/wp-content\/uploads\/2023\/02\/grafik-4.png\" alt=\"\" class=\"wp-image-281\" width=\"160\" height=\"232\" srcset=\"https:\/\/schwarzwaldschule-rheinstetten.de\/wp-content\/uploads\/2023\/02\/grafik-4.png 133w, https:\/\/schwarzwaldschule-rheinstetten.de\/wp-content\/uploads\/2023\/02\/grafik-4-11x16.png 11w, https:\/\/schwarzwaldschule-rheinstetten.de\/wp-content\/uploads\/2023\/02\/grafik-4-25x36.png 25w, https:\/\/schwarzwaldschule-rheinstetten.de\/wp-content\/uploads\/2023\/02\/grafik-4-33x48.png 33w\" sizes=\"auto, (max-width: 160px) 100vw, 160px\" \/><\/figure>\n<\/div>\n<\/div>\n\n\n\n<div style=\"height:25px\" aria-hidden=\"true\" class=\"wp-block-spacer\"><\/div>\n\n\n\n<div class=\"wp-block-columns is-layout-flex wp-container-core-columns-is-layout-9d6595d7 wp-block-columns-is-layout-flex\">\n<div class=\"wp-block-column is-layout-flow wp-block-column-is-layout-flow\">\n<p><strong>M\u00f6gliche Inhalte der Beratung:<\/strong><\/p>\n<\/div>\n\n\n\n<div class=\"wp-block-column is-layout-flow wp-block-column-is-layout-flow\">\n<ul class=\"wp-block-list\">\n<li>Einschulung<\/li>\n\n\n\n<li>\u00dcbergang in weiterf\u00fchrende Schulen<\/li>\n\n\n\n<li>Lern- und Leistungsprobleme<\/li>\n\n\n\n<li>Lese-Rechtschreib-Schw\u00e4che, Rechenschw\u00e4che, Konzentrations-schwierigkeiten, Motivation<\/li>\n\n\n\n<li>Schulangst\/ Schulunlust<\/li>\n\n\n\n<li>F\u00f6rderangebote der Schule<\/li>\n<\/ul>\n<\/div>\n<\/div>\n\n\n\n<div style=\"height:25px\" aria-hidden=\"true\" class=\"wp-block-spacer\"><\/div>\n\n\n\n<div class=\"wp-block-columns is-layout-flex wp-container-core-columns-is-layout-9d6595d7 wp-block-columns-is-layout-flex\">\n<div class=\"wp-block-column is-layout-flow wp-block-column-is-layout-flow\">\n<p><strong>Terminvereinbarung:<\/strong><\/p>\n<\/div>\n\n\n\n<div class=\"wp-block-column is-layout-flow wp-block-column-is-layout-flow\">\n<ul class=\"wp-block-list\">\n<li><em>telefonisch:<\/em> (0721) 9517631                               (\u00fcber das Sekretariat der Schule)<\/li>\n<\/ul>\n\n\n\n<p><\/p>\n\n\n\n<ul class=\"wp-block-list\">\n<li><em>per E-Mail:<\/em> <a href=\"mailto:michaelfoerderer@gmx.de\">michaelfoerderer@gmx.de<\/a><\/li>\n<\/ul>\n\n\n\n<p><\/p>\n\n\n\n<p><\/p>\n\n\n\n<ul class=\"wp-block-list\">\n<li><em>m\u00fcndlich:<\/em> \u00fcber die Klassen- oder Fachlehrer<\/li>\n<\/ul>\n<\/div>\n<\/div>\n","protected":false},"excerpt":{"rendered":"<p>Beratungslehrer Beratungslehrkr\u00e4fte sind Lehrkr\u00e4fte mit einer Zusatzqualifikation f\u00fcr die Beratung von Eltern, Sch\u00fclern und Lehrern zu p\u00e4dagogisch-psychologischen Themen. Bei Fragen zu Lernschwierigkeiten oder zur Schullaufbahn [&hellip;]<\/p>\n","protected":false},"author":1,"featured_media":0,"parent":0,"menu_order":0,"comment_status":"closed","ping_status":"closed","template":"","meta":{"footnotes":""},"class_list":["post-116","page","type-page","status-publish","hentry"],"_links":{"self":[{"href":"https:\/\/schwarzwaldschule-rheinstetten.de\/index.php?rest_route=\/wp\/v2\/pages\/116","targetHints":{"allow":["GET"]}}],"collection":[{"href":"https:\/\/schwarzwaldschule-rheinstetten.de\/index.php?rest_route=\/wp\/v2\/pages"}],"about":[{"href":"https:\/\/schwarzwaldschule-rheinstetten.de\/index.php?rest_route=\/wp\/v2\/types\/page"}],"author":[{"embeddable":true,"href":"https:\/\/schwarzwaldschule-rheinstetten.de\/index.php?rest_route=\/wp\/v2\/users\/1"}],"replies":[{"embeddable":true,"href":"https:\/\/schwarzwaldschule-rheinstetten.de\/index.php?rest_route=%2Fwp%2Fv2%2Fcomments&post=116"}],"version-history":[{"count":7,"href":"https:\/\/schwarzwaldschule-rheinstetten.de\/index.php?rest_route=\/wp\/v2\/pages\/116\/revisions"}],"predecessor-version":[{"id":341,"href":"https:\/\/schwarzwaldschule-rheinstetten.de\/index.php?rest_route=\/wp\/v2\/pages\/116\/revisions\/341"}],"wp:attachment":[{"href":"https:\/\/schwarzwaldschule-rheinstetten.de\/index.php?rest_route=%2Fwp%2Fv2%2Fmedia&parent=116"}],"curies":[{"name":"wp","href":"https:\/\/api.w.org\/{rel}","templated":true}]}}