{"id":108,"date":"2023-02-12T12:10:12","date_gmt":"2023-02-12T11:10:12","guid":{"rendered":"https:\/\/sws.mjedv.com\/?page_id=108"},"modified":"2023-03-15T20:36:25","modified_gmt":"2023-03-15T19:36:25","slug":"schulhund","status":"publish","type":"page","link":"https:\/\/schwarzwaldschule-rheinstetten.de\/?page_id=108","title":{"rendered":"Schulhund"},"content":{"rendered":"\n<div class=\"wp-block-columns is-layout-flex wp-container-core-columns-is-layout-9d6595d7 wp-block-columns-is-layout-flex\">\n<div class=\"wp-block-column is-layout-flow wp-block-column-is-layout-flow\" style=\"flex-basis:66.66%\">\n<h3 class=\"has-text-align-center wp-block-heading\">Projekt Schulhund<\/h3>\n\n\n\n<p>Ein Schulhund ist ein Hund, der regelm\u00e4\u00dfig mit in der Schule ist, um einen Lehrer bei seiner p\u00e4dagogischen Arbeit zu unterst\u00fctzen. Wichtigste Zielsetzung hierbei ist, die soziale Komponente der Sch\u00fclerinnen und Sch\u00fcler zu f\u00f6rdern.<\/p>\n\n\n\n<p>An unserer Schule haben wir &nbsp;tierische Unterst\u00fctzung, die Golden Retriever H\u00fcndin \u201eLotte\u201c.<\/p>\n\n\n\n<p>Kinder profitieren vom Umgang mit Hunden. Durch den Einsatz von Schulhunden wird die Entwicklung der Kinder in sozialer, emotionaler, physischer und psychischer Hinsicht positiv gef\u00f6rdert. Diese Bereiche werden positiv beeinflusst:<\/p>\n\n\n\n<ul class=\"wp-block-list\">\n<li>Kommunikationsf\u00e4higkeit<\/li>\n\n\n\n<li>Angstabbau<\/li>\n\n\n\n<li>Integration<\/li>\n\n\n\n<li>St\u00e4rkung des Selbstwertgef\u00fchls<\/li>\n\n\n\n<li>Emotionale Ansprache<\/li>\n\n\n\n<li>K\u00f6rpersprache<\/li>\n\n\n\n<li>Motorik<\/li>\n\n\n\n<li>K\u00f6rperkontakt und N\u00e4he<\/li>\n\n\n\n<li>Sinne<\/li>\n<\/ul>\n<\/div>\n<\/div>\n\n\n\n<div class=\"wp-block-columns is-layout-flex wp-container-core-columns-is-layout-9d6595d7 wp-block-columns-is-layout-flex\">\n<div class=\"wp-block-column is-layout-flow wp-block-column-is-layout-flow\"><div class=\"wp-block-image\">\n<figure class=\"aligncenter size-full is-resized\"><img loading=\"lazy\" decoding=\"async\" src=\"https:\/\/sws.mjedv.com\/wp-content\/uploads\/2023\/02\/hund.png\" alt=\"\" class=\"wp-image-184\" width=\"516\" height=\"325\" srcset=\"https:\/\/schwarzwaldschule-rheinstetten.de\/wp-content\/uploads\/2023\/02\/hund.png 308w, https:\/\/schwarzwaldschule-rheinstetten.de\/wp-content\/uploads\/2023\/02\/hund-300x189.png 300w\" sizes=\"auto, (max-width: 516px) 100vw, 516px\" \/><\/figure>\n<\/div><\/div>\n<\/div>\n\n\n\n<div class=\"wp-block-columns is-layout-flex wp-container-core-columns-is-layout-9d6595d7 wp-block-columns-is-layout-flex\">\n<div class=\"wp-block-column is-layout-flow wp-block-column-is-layout-flow\">\n<p><strong>F\u00fcr den Einsatz an der Schule hat Lotte auch einige Ausbildungen durchlaufen:<\/strong><\/p>\n\n\n\n<ul class=\"wp-block-list\">\n<li>Welpenstunde beim Hundeverein Friedrichstal (abgeschlossen)<\/li>\n\n\n\n<li>Junghundeausbildung DRC (abgeschlossen)<\/li>\n\n\n\n<li>Junghundeausbildung VDH beim Hundeverein Friedrichstal (abgeschlossen)<\/li>\n\n\n\n<li>Grundgehorsamsgruppe Hundeverein Friedrichstal (abgeschlossen)<\/li>\n\n\n\n<li>Vorbereitungsgruppe Begleithundepr\u00fcfung DRC in Ludwigsburg (abgeschlossen)<\/li>\n\n\n\n<li>Begleithundepr\u00fcfung erfolgreich bestanden<\/li>\n\n\n\n<li>Therapiebegleithundeausbildung bei Canis Lupus Therapeuticus (abgeschlossen)<\/li>\n\n\n\n<li>Pr\u00fcfung zum Therapiebegleithund erfolgreich bestanden<\/li>\n\n\n\n<li>Ausbildungskurs Hundef\u00fchrerschein<\/li>\n\n\n\n<li>Pr\u00fcfung Hundef\u00fchrerschein erfolgreich bestanden<\/li>\n\n\n\n<li>Verschiedene Dummy Seminare (Dies ist zum Ausgleich\/Hobby f\u00fcr die Arbeit in der Schule. Lotte liebt die Arbeit mit dem Dummy und wird ihren Anlagen entsprechend gef\u00f6rdert)<\/li>\n\n\n\n<li>Pr\u00fcfung Dummy A erfolgreich bestanden<\/li>\n<\/ul>\n<\/div>\n<\/div>\n","protected":false},"excerpt":{"rendered":"<p>Projekt Schulhund Ein Schulhund ist ein Hund, der regelm\u00e4\u00dfig mit in der Schule ist, um einen Lehrer bei seiner p\u00e4dagogischen Arbeit zu unterst\u00fctzen. Wichtigste Zielsetzung [&hellip;]<\/p>\n","protected":false},"author":1,"featured_media":0,"parent":0,"menu_order":0,"comment_status":"closed","ping_status":"closed","template":"","meta":{"footnotes":""},"class_list":["post-108","page","type-page","status-publish","hentry"],"_links":{"self":[{"href":"https:\/\/schwarzwaldschule-rheinstetten.de\/index.php?rest_route=\/wp\/v2\/pages\/108","targetHints":{"allow":["GET"]}}],"collection":[{"href":"https:\/\/schwarzwaldschule-rheinstetten.de\/index.php?rest_route=\/wp\/v2\/pages"}],"about":[{"href":"https:\/\/schwarzwaldschule-rheinstetten.de\/index.php?rest_route=\/wp\/v2\/types\/page"}],"author":[{"embeddable":true,"href":"https:\/\/schwarzwaldschule-rheinstetten.de\/index.php?rest_route=\/wp\/v2\/users\/1"}],"replies":[{"embeddable":true,"href":"https:\/\/schwarzwaldschule-rheinstetten.de\/index.php?rest_route=%2Fwp%2Fv2%2Fcomments&post=108"}],"version-history":[{"count":6,"href":"https:\/\/schwarzwaldschule-rheinstetten.de\/index.php?rest_route=\/wp\/v2\/pages\/108\/revisions"}],"predecessor-version":[{"id":411,"href":"https:\/\/schwarzwaldschule-rheinstetten.de\/index.php?rest_route=\/wp\/v2\/pages\/108\/revisions\/411"}],"wp:attachment":[{"href":"https:\/\/schwarzwaldschule-rheinstetten.de\/index.php?rest_route=%2Fwp%2Fv2%2Fmedia&parent=108"}],"curies":[{"name":"wp","href":"https:\/\/api.w.org\/{rel}","templated":true}]}}