{"id":106,"date":"2023-02-12T12:09:56","date_gmt":"2023-02-12T11:09:56","guid":{"rendered":"https:\/\/sws.mjedv.com\/?page_id=106"},"modified":"2024-07-08T14:36:29","modified_gmt":"2024-07-08T12:36:29","slug":"unsere-bienen","status":"publish","type":"page","link":"https:\/\/schwarzwaldschule-rheinstetten.de\/?page_id=106","title":{"rendered":"Unsere Bienen"},"content":{"rendered":"<p>Entdecke die faszinierende Welt der Schulbienen und Wildbienen!<\/p>\n<p>F\u00fcr Kinder sind Naturerfahrungen von unsch\u00e4tzbarem Wert. Sie f\u00f6rdern nicht nur das Verst\u00e4ndnis f\u00fcr unsere Umwelt, sondern auch einen nachhaltigen Umgang mit ihr. Aus diesem Grund bietet die Schwarzwaldschule Rheinstetten eine einzigartige M\u00f6glichkeit: Das Lernen mit unseren Schul-Honigbienen und die Beobachtung der Wildbienen in unserem Schulgarten, der auch ein Wildbienenhotel beheimatet.<br \/>\nIn unserem Schulgarten tauchen die Kinder in das faszinierende Leben der Bienen ein, sei es bei den honigsammelnden Schulbienen oder den emsigen Bewohnern unseres Wildbienenhotels. Dabei lernen sie nicht nur die Bedeutung von Bienen f\u00fcr unser \u00d6kosystem kennen, sondern auch, wie wichtig es ist, verantwortungsvoll mit der Natur umzugehen.<br \/>\nEin besonderes Highlight ist die M\u00f6glichkeit, eigenen Honig zu ernten. Dieses selbst erwirtschaftete Lebensmittel st\u00e4rkt nicht nur die Wertsch\u00e4tzung f\u00fcr nat\u00fcrliche Ressourcen, sondern kann sp\u00e4ter auch in der K\u00fcche zu k\u00f6stlichen Speisen verarbeitet werden.<\/p>\n","protected":false},"excerpt":{"rendered":"<p>Entdecke die faszinierende Welt der Schulbienen und Wildbienen! F\u00fcr Kinder sind Naturerfahrungen von unsch\u00e4tzbarem Wert. Sie f\u00f6rdern nicht nur das Verst\u00e4ndnis f\u00fcr unsere Umwelt, sondern [&hellip;]<\/p>\n","protected":false},"author":1,"featured_media":0,"parent":0,"menu_order":0,"comment_status":"closed","ping_status":"closed","template":"","meta":{"footnotes":""},"class_list":["post-106","page","type-page","status-publish","hentry"],"_links":{"self":[{"href":"https:\/\/schwarzwaldschule-rheinstetten.de\/index.php?rest_route=\/wp\/v2\/pages\/106","targetHints":{"allow":["GET"]}}],"collection":[{"href":"https:\/\/schwarzwaldschule-rheinstetten.de\/index.php?rest_route=\/wp\/v2\/pages"}],"about":[{"href":"https:\/\/schwarzwaldschule-rheinstetten.de\/index.php?rest_route=\/wp\/v2\/types\/page"}],"author":[{"embeddable":true,"href":"https:\/\/schwarzwaldschule-rheinstetten.de\/index.php?rest_route=\/wp\/v2\/users\/1"}],"replies":[{"embeddable":true,"href":"https:\/\/schwarzwaldschule-rheinstetten.de\/index.php?rest_route=%2Fwp%2Fv2%2Fcomments&post=106"}],"version-history":[{"count":3,"href":"https:\/\/schwarzwaldschule-rheinstetten.de\/index.php?rest_route=\/wp\/v2\/pages\/106\/revisions"}],"predecessor-version":[{"id":946,"href":"https:\/\/schwarzwaldschule-rheinstetten.de\/index.php?rest_route=\/wp\/v2\/pages\/106\/revisions\/946"}],"wp:attachment":[{"href":"https:\/\/schwarzwaldschule-rheinstetten.de\/index.php?rest_route=%2Fwp%2Fv2%2Fmedia&parent=106"}],"curies":[{"name":"wp","href":"https:\/\/api.w.org\/{rel}","templated":true}]}}