{"id":104,"date":"2023-02-12T12:09:43","date_gmt":"2023-02-12T11:09:43","guid":{"rendered":"https:\/\/sws.mjedv.com\/?page_id=104"},"modified":"2023-03-15T20:36:38","modified_gmt":"2023-03-15T19:36:38","slug":"schuelerbibliothek","status":"publish","type":"page","link":"https:\/\/schwarzwaldschule-rheinstetten.de\/?page_id=104","title":{"rendered":"Sch\u00fclerbibliothek"},"content":{"rendered":"\n<h3 class=\"has-text-align-center wp-block-heading\">Sch\u00fclerbibliothek<\/h3>\n\n\n<div class=\"wp-block-image\">\n<figure class=\"aligncenter size-full is-resized\"><img loading=\"lazy\" decoding=\"async\" src=\"https:\/\/sws.mjedv.com\/wp-content\/uploads\/2023\/02\/grafik-3.png\" alt=\"\" class=\"wp-image-205\" width=\"445\" height=\"250\" srcset=\"https:\/\/schwarzwaldschule-rheinstetten.de\/wp-content\/uploads\/2023\/02\/grafik-3.png 388w, https:\/\/schwarzwaldschule-rheinstetten.de\/wp-content\/uploads\/2023\/02\/grafik-3-300x169.png 300w\" sizes=\"auto, (max-width: 445px) 100vw, 445px\" \/><\/figure>\n<\/div>\n\n\n<p>Die Sch\u00fclerbibliothek unserer Schule besteht seit 2019 und wird immer wieder mit neu angeschafften B\u00fcchern erweitert. Sie tr\u00e4gt unserem Schulcurriculum \u201eLesef\u00f6rderung \u2013 Erweiterung der Lesekompentenz\u201c Rechnung und ist neben LIMA (Leseintensivma\u00dfnahme) ein weiterer Baustein unseres Schulschwerpunktes.<\/p>\n\n\n\n<p>Derzeit bietet die Bibliothek den Sch\u00fclern \u00fcber 2000 Leihb\u00fccher aus verschiedenen Rubriken an. Viele wurden durch Spenden des F\u00f6rdervereins der ehemaligen Johann-Rupprecht-Schule finanziert.<\/p>\n\n\n\n<p>Die Bibliothek ist an jedem Wochentag ge\u00f6ffnet. Der Ausleihtag ist von der Klassenstufe abh\u00e4ngig. Die Ausleihe wird ausschlie\u00dflich von sehr engagierten Eltern geleitet.<\/p>\n\n\n\n<p>Ein besonderes Augenmerk ist auf unsere Kleinsten gerichtet worden. Es gibt sehr viele B\u00fccher f\u00fcr Leseanf\u00e4nger, also f\u00fcr Sch\u00fclerInnen der ersten und zweiten Klasse.<\/p>\n\n\n\n<p><\/p>\n","protected":false},"excerpt":{"rendered":"<p>Sch\u00fclerbibliothek Die Sch\u00fclerbibliothek unserer Schule besteht seit 2019 und wird immer wieder mit neu angeschafften B\u00fcchern erweitert. Sie tr\u00e4gt unserem Schulcurriculum \u201eLesef\u00f6rderung \u2013 Erweiterung der [&hellip;]<\/p>\n","protected":false},"author":1,"featured_media":0,"parent":0,"menu_order":0,"comment_status":"closed","ping_status":"closed","template":"","meta":{"footnotes":""},"class_list":["post-104","page","type-page","status-publish","hentry"],"_links":{"self":[{"href":"https:\/\/schwarzwaldschule-rheinstetten.de\/index.php?rest_route=\/wp\/v2\/pages\/104","targetHints":{"allow":["GET"]}}],"collection":[{"href":"https:\/\/schwarzwaldschule-rheinstetten.de\/index.php?rest_route=\/wp\/v2\/pages"}],"about":[{"href":"https:\/\/schwarzwaldschule-rheinstetten.de\/index.php?rest_route=\/wp\/v2\/types\/page"}],"author":[{"embeddable":true,"href":"https:\/\/schwarzwaldschule-rheinstetten.de\/index.php?rest_route=\/wp\/v2\/users\/1"}],"replies":[{"embeddable":true,"href":"https:\/\/schwarzwaldschule-rheinstetten.de\/index.php?rest_route=%2Fwp%2Fv2%2Fcomments&post=104"}],"version-history":[{"count":3,"href":"https:\/\/schwarzwaldschule-rheinstetten.de\/index.php?rest_route=\/wp\/v2\/pages\/104\/revisions"}],"predecessor-version":[{"id":412,"href":"https:\/\/schwarzwaldschule-rheinstetten.de\/index.php?rest_route=\/wp\/v2\/pages\/104\/revisions\/412"}],"wp:attachment":[{"href":"https:\/\/schwarzwaldschule-rheinstetten.de\/index.php?rest_route=%2Fwp%2Fv2%2Fmedia&parent=104"}],"curies":[{"name":"wp","href":"https:\/\/api.w.org\/{rel}","templated":true}]}}