{"id":100,"date":"2023-02-12T12:09:14","date_gmt":"2023-02-12T11:09:14","guid":{"rendered":"https:\/\/sws.mjedv.com\/?page_id=100"},"modified":"2023-11-28T21:42:54","modified_gmt":"2023-11-28T20:42:54","slug":"ausbildungsschule","status":"publish","type":"page","link":"https:\/\/schwarzwaldschule-rheinstetten.de\/?page_id=100","title":{"rendered":"Ausbildungsschule"},"content":{"rendered":"\n<p><\/p>\n\n\n\n<p class=\"has-text-align-center has-regular-font-size\"><strong>Informationen f\u00fcr Eltern\/Erziehungsberechtigte von Schulkindern unserer Ausbildungsschulen<\/strong><\/p>\n\n\n\n<p>In Kooperation mit dem Seminar f\u00fcr Ausbildung und Fortbildung der Lehrkr\u00e4fte Pforzheim (Grundschule) beteiligen sich j\u00e4hrlich ca. 100 Grundschulen an der von uns organisierten Ausbildung von Grundschullehrkr\u00e4ften f\u00fcr den Schuldienst des Landes Baden-W\u00fcrttemberg (so genannter Vorbereitungsdienst).<\/p>\n\n\n\n<p>Dies bedeutet, dass in der Regel 2 so genannte Lehramtsanw\u00e4rterinnen bzw. Lehramtsanw\u00e4rter  regul\u00e4re Mitglieder des Schulkollegiums sind. Diese haben an den Hochschulen den Bachelor-Abschluss f\u00fcr das Lehramt ihrer studierten F\u00e4cher erworben und streben nun den Master-Abschluss im Rahmen ihres Vorbereitungsdienstes an. Sie werden dabei von geschulten Mentorinnen und Mentoren der Schulen und von Ausbildungslehrkr\u00e4ften des Seminars Pforzheim begleitet.<\/p>\n\n\n\n<p>Im zweiten Abschnitt ihres Vorbereitungsdienstes haben sie die Bef\u00e4higung zum selbst\u00e4ndigen Unterricht in ihren studierten F\u00e4chern erworben. Wenn Kinder von einer\/einem LA unterrichtet werden, bringt das einige Synergieeffekte mit sich:<\/p>\n\n\n\n<ul class=\"wp-block-list\">\n<li>Der Unterricht wird regelm\u00e4\u00dfig von Mentorinnen und Mentorinnen sowie von Ausbildungslehrkr\u00e4ften des Seminars begleitet. Auch Pr\u00fcfungen k\u00f6nnen in diesem Kontext stattfinden.<\/li>\n\n\n\n<li>Durch Mentorinnen und Mentoren, Ausbildungslehrkr\u00e4fte und die LA profitieren Schule und die Kinder im Unterricht von der engen Verbindung zu aktuellen Unterrichtsentwicklungen.<\/li>\n\n\n\n<li>Diese Begleitung sollte erm\u00f6glichen, dass das Seminar Pforzheim zu Ausbildungszwecken auch Unterrichtsmitschnitte (Bild\/Film oder Ton) unter Wahrung des Datenschutzes anfertigen kann, die strengstens nur im gesch\u00fctzten, unmittelbaren Ausbildungsumfeld verbleiben. Damit die Ausbildungsschulen ihre Kooperationsaufgabe mit dem Seminar wahrzunehmen k\u00f6nnen, bitten wir hier grunds\u00e4tzlich um Kenntnisnahme der Erziehungsberechtigten die Schulen werden um ihr Einverst\u00e4ndnis bitten, wenn ihr Kind in einer entsprechenden Klasse unterrichtet wird.<\/li>\n<\/ul>\n\n\n\n<p><\/p>\n\n\n\n<p><\/p>\n\n\n\n<p>Quelle: https:\/\/gs-pf.seminare-bw.de\/,Lde\/Startseite\/Ueber+uns\/Informationen+fuer+Eltern+an+Ausbildungsschulen<\/p>\n","protected":false},"excerpt":{"rendered":"<p>Informationen f\u00fcr Eltern\/Erziehungsberechtigte von Schulkindern unserer Ausbildungsschulen In Kooperation mit dem Seminar f\u00fcr Ausbildung und Fortbildung der Lehrkr\u00e4fte Pforzheim (Grundschule) beteiligen sich j\u00e4hrlich ca. 100 [&hellip;]<\/p>\n","protected":false},"author":1,"featured_media":0,"parent":0,"menu_order":0,"comment_status":"closed","ping_status":"closed","template":"","meta":{"footnotes":""},"class_list":["post-100","page","type-page","status-publish","hentry"],"_links":{"self":[{"href":"https:\/\/schwarzwaldschule-rheinstetten.de\/index.php?rest_route=\/wp\/v2\/pages\/100","targetHints":{"allow":["GET"]}}],"collection":[{"href":"https:\/\/schwarzwaldschule-rheinstetten.de\/index.php?rest_route=\/wp\/v2\/pages"}],"about":[{"href":"https:\/\/schwarzwaldschule-rheinstetten.de\/index.php?rest_route=\/wp\/v2\/types\/page"}],"author":[{"embeddable":true,"href":"https:\/\/schwarzwaldschule-rheinstetten.de\/index.php?rest_route=\/wp\/v2\/users\/1"}],"replies":[{"embeddable":true,"href":"https:\/\/schwarzwaldschule-rheinstetten.de\/index.php?rest_route=%2Fwp%2Fv2%2Fcomments&post=100"}],"version-history":[{"count":7,"href":"https:\/\/schwarzwaldschule-rheinstetten.de\/index.php?rest_route=\/wp\/v2\/pages\/100\/revisions"}],"predecessor-version":[{"id":819,"href":"https:\/\/schwarzwaldschule-rheinstetten.de\/index.php?rest_route=\/wp\/v2\/pages\/100\/revisions\/819"}],"wp:attachment":[{"href":"https:\/\/schwarzwaldschule-rheinstetten.de\/index.php?rest_route=%2Fwp%2Fv2%2Fmedia&parent=100"}],"curies":[{"name":"wp","href":"https:\/\/api.w.org\/{rel}","templated":true}]}}